{"id":467,"date":"2026-01-02T08:39:31","date_gmt":"2026-01-02T11:39:31","guid":{"rendered":"https:\/\/tienda.yesiblue.com.ar\/?post_type=product&#038;p=467"},"modified":"2026-01-02T08:42:45","modified_gmt":"2026-01-02T11:42:45","slug":"curso-pre-grabado-flow-2daedicion","status":"publish","type":"product","link":"https:\/\/tienda.yesiblue.com.ar\/index.php\/producto\/curso-pre-grabado-flow-2daedicion\/","title":{"rendered":"CURSO PRE GRABADO FLOW 2DAEDICION"},"content":{"rendered":"<p>CURSO PRE GRABADO DE FLOW II EDICION 2025.<\/p>\n<p>El objetivo principal de este curso , adem\u00e1s de aprender t\u00e9cnica y diferentes transiciones, es aprender a fluir en cada paso en cada enlace en cada transici\u00f3n.<\/p>\n<p>Al igual que le 1er edicion, es un curso que divid\u00ed en 3 etapas, en cada etapa vamos avanzando para poder aprender bien la tecnica de cada paso.<\/p>\n<p>En la primer etapa vas a aprender tricks elegidos por mi , vas a aprender la tecnica de esos tricks\/pasos y los vas a poder practicarlas veces que quieras.(10 videos incluida la entrada en calor)<\/p>\n<p>En la segunda etapa vas a ver las variaciones de algunos de los tricks\/pasos que vimos en la primer etapa.(5 videos)<\/p>\n<p>y en la tercer etapa vamos a aprender transiciones\/combos, los cuales van a\u00a0 estar formados por los tricks\/pasos que aprendimos en las dos primeras etapas y vas a tener una coreo estilo flow (7 videos)<\/p>\n<p>En total vas a recibir 22 videos<\/p>\n<p>Esta edici\u00f3n es\u00a0 para un NIVEL INTERMEDIO<\/p>\n<p>Lo bueno de este curso es que lo podes hacer a tu tiempo! sin apuro! y los videos los tenemos disponibles por tiempo ilimitado.<\/p>\n","protected":false},"excerpt":{"rendered":"<p>CURSO PRE GRABADO DE FLOW II EDICION 2025. El objetivo principal de este curso , adem\u00e1s de aprender t\u00e9cnica y diferentes transiciones, es aprender a fluir en cada paso en cada enlace en cada transici\u00f3n. Al igual que le 1er edicion, es un curso que divid\u00ed en 3 etapas, en cada etapa vamos avanzando para poder aprender bien la tecnica de cada paso. En la primer etapa vas a aprender tricks elegidos por mi , vas a aprender la tecnica de esos tricks\/pasos y los vas a poder practicarlas veces que quieras.(10 videos incluida la entrada en calor) En la segunda etapa vas a ver las variaciones de algunos de los tricks\/pasos que vimos en la primer etapa.(5 videos) y en la tercer etapa vamos a aprender transiciones\/combos, los cuales van a\u00a0 estar formados por los tricks\/pasos que aprendimos en las dos primeras etapas y vas a tener una coreo estilo flow (7 videos) En total vas a recibir 22 videos Esta edici\u00f3n es\u00a0 para un NIVEL INTERMEDIO Lo bueno de este curso es que lo podes hacer a tu tiempo! sin apuro! y los videos los tenemos disponibles por tiempo ilimitado.<\/p>\n","protected":false},"featured_media":470,"comment_status":"open","ping_status":"closed","template":"","meta":{"site-sidebar-layout":"default","site-content-layout":"","ast-site-content-layout":"default","site-content-style":"default","site-sidebar-style":"default","ast-global-header-display":"","ast-banner-title-visibility":"","ast-main-header-display":"","ast-hfb-above-header-display":"","ast-hfb-below-header-display":"","ast-hfb-mobile-header-display":"","site-post-title":"","ast-breadcrumbs-content":"","ast-featured-img":"","footer-sml-layout":"","theme-transparent-header-meta":"default","adv-header-id-meta":"","stick-header-meta":"","header-above-stick-meta":"","header-main-stick-meta":"","header-below-stick-meta":"","astra-migrate-meta-layouts":"set","ast-page-background-enabled":"default","ast-page-background-meta":{"desktop":{"background-color":"var(--ast-global-color-4)","background-image":"","background-repeat":"repeat","background-position":"center center","background-size":"auto","background-attachment":"scroll","background-type":"","background-media":"","overlay-type":"","overlay-color":"","overlay-gradient":""},"tablet":{"background-color":"","background-image":"","background-repeat":"repeat","background-position":"center center","background-size":"auto","background-attachment":"scroll","background-type":"","background-media":"","overlay-type":"","overlay-color":"","overlay-gradient":""},"mobile":{"background-color":"","background-image":"","background-repeat":"repeat","background-position":"center center","background-size":"auto","background-attachment":"scroll","background-type":"","background-media":"","overlay-type":"","overlay-color":"","overlay-gradient":""}},"ast-content-background-meta":{"desktop":{"background-color":"var(--ast-global-color-5)","background-image":"","background-repeat":"repeat","background-position":"center center","background-size":"auto","background-attachment":"scroll","background-type":"","background-media":"","overlay-type":"","overlay-color":"","overlay-gradient":""},"tablet":{"background-color":"var(--ast-global-color-5)","background-image":"","background-repeat":"repeat","background-position":"center center","background-size":"auto","background-attachment":"scroll","background-type":"","background-media":"","overlay-type":"","overlay-color":"","overlay-gradient":""},"mobile":{"background-color":"var(--ast-global-color-5)","background-image":"","background-repeat":"repeat","background-position":"center center","background-size":"auto","background-attachment":"scroll","background-type":"","background-media":"","overlay-type":"","overlay-color":"","overlay-gradient":""}}},"product_brand":[],"product_cat":[18],"product_tag":[],"class_list":{"0":"post-467","1":"product","2":"type-product","3":"status-publish","4":"has-post-thumbnail","6":"product_cat-sin-categorizar","7":"desktop-align-left","8":"tablet-align-left","9":"mobile-align-left","11":"first","12":"instock","13":"virtual","14":"purchasable","15":"product-type-simple"},"_links":{"self":[{"href":"https:\/\/tienda.yesiblue.com.ar\/index.php\/wp-json\/wp\/v2\/product\/467","targetHints":{"allow":["GET"]}}],"collection":[{"href":"https:\/\/tienda.yesiblue.com.ar\/index.php\/wp-json\/wp\/v2\/product"}],"about":[{"href":"https:\/\/tienda.yesiblue.com.ar\/index.php\/wp-json\/wp\/v2\/types\/product"}],"replies":[{"embeddable":true,"href":"https:\/\/tienda.yesiblue.com.ar\/index.php\/wp-json\/wp\/v2\/comments?post=467"}],"wp:featuredmedia":[{"embeddable":true,"href":"https:\/\/tienda.yesiblue.com.ar\/index.php\/wp-json\/wp\/v2\/media\/470"}],"wp:attachment":[{"href":"https:\/\/tienda.yesiblue.com.ar\/index.php\/wp-json\/wp\/v2\/media?parent=467"}],"wp:term":[{"taxonomy":"product_brand","embeddable":true,"href":"https:\/\/tienda.yesiblue.com.ar\/index.php\/wp-json\/wp\/v2\/product_brand?post=467"},{"taxonomy":"product_cat","embeddable":true,"href":"https:\/\/tienda.yesiblue.com.ar\/index.php\/wp-json\/wp\/v2\/product_cat?post=467"},{"taxonomy":"product_tag","embeddable":true,"href":"https:\/\/tienda.yesiblue.com.ar\/index.php\/wp-json\/wp\/v2\/product_tag?post=467"}],"curies":[{"name":"wp","href":"https:\/\/api.w.org\/{rel}","templated":true}]}}