{"id":457,"date":"2025-12-10T19:23:09","date_gmt":"2025-12-10T22:23:09","guid":{"rendered":"https:\/\/tienda.yesiblue.com.ar\/?post_type=product&#038;p=457"},"modified":"2026-01-02T08:43:38","modified_gmt":"2026-01-02T11:43:38","slug":"curso-de-flow-pre-grabado-1era-edicion","status":"publish","type":"product","link":"https:\/\/tienda.yesiblue.com.ar\/index.php\/producto\/curso-de-flow-pre-grabado-1era-edicion\/","title":{"rendered":"CURSO DE FLOW PRE GRABADO 1ERA EDICION"},"content":{"rendered":"<p>En el 2025 realice por primera vez el CURSO PRE GRABADO DE FLOW<\/p>\n<p>De que se trata? Es un curso que divid\u00ed en 3 etapas, en cada etapa vamos avanzando para poder aprender bien la t\u00e9cnica de cada paso. El objetivo principal de este curso , adem\u00e1s de aprender t\u00e9cnica y diferentes transiciones, es aprender a fluir en cada paso en cada enlace en cada transici\u00f3n.<\/p>\n<p>En la primer etapa vas a aprender tricks elegidos por mi , vas a aprender la tecnica de esos tricks\/pasos y los vas a poder practicarlas veces que quieras.(13 videos incluida la presentacion y entrada en calor)<\/p>\n<p>En la segunda etapa vas a ver las variaciones de algunos de los tricks\/pasos que vimos en la primer etapa.(8 videos)<\/p>\n<p>y en la tercer etapa vamos a aprender transiciones\/combos, los cuales vana\u00a0 estar formados por los tricks\/pasos que aprendimos en las dos primeras etapas.(6 videos)<\/p>\n<p>Y para cerrar el curso, una coreo bien flow!<\/p>\n<p>En total vas a recibir 28 videos<\/p>\n<p>Esta edici\u00f3n es\u00a0 para un NIVEL INICIAL\/INTERMEDIO<\/p>\n<p>Lo bueno de este curso es que lo podes hacer a tu tiempo! sin apuro! y los videos los tenemos disponibles por tiempo ilimitado.<\/p>\n","protected":false},"excerpt":{"rendered":"<p>En el 2025 realice por primera vez el CURSO PRE GRABADO DE FLOW De que se trata? Es un curso que divid\u00ed en 3 etapas, en cada etapa vamos avanzando para poder aprender bien la t\u00e9cnica de cada paso. El objetivo principal de este curso , adem\u00e1s de aprender t\u00e9cnica y diferentes transiciones, es aprender a fluir en cada paso en cada enlace en cada transici\u00f3n. En la primer etapa vas a aprender tricks elegidos por mi , vas a aprender la tecnica de esos tricks\/pasos y los vas a poder practicarlas veces que quieras.(13 videos incluida la presentacion y entrada en calor) En la segunda etapa vas a ver las variaciones de algunos de los tricks\/pasos que vimos en la primer etapa.(8 videos) y en la tercer etapa vamos a aprender transiciones\/combos, los cuales vana\u00a0 estar formados por los tricks\/pasos que aprendimos en las dos primeras etapas.(6 videos) Y para cerrar el curso, una coreo bien flow! En total vas a recibir 28 videos Esta edici\u00f3n es\u00a0 para un NIVEL INICIAL\/INTERMEDIO Lo bueno de este curso es que lo podes hacer a tu tiempo! sin apuro! y los videos los tenemos disponibles por tiempo ilimitado.<\/p>\n","protected":false},"featured_media":458,"comment_status":"open","ping_status":"closed","template":"","meta":{"site-sidebar-layout":"default","site-content-layout":"","ast-site-content-layout":"default","site-content-style":"default","site-sidebar-style":"default","ast-global-header-display":"","ast-banner-title-visibility":"","ast-main-header-display":"","ast-hfb-above-header-display":"","ast-hfb-below-header-display":"","ast-hfb-mobile-header-display":"","site-post-title":"","ast-breadcrumbs-content":"","ast-featured-img":"","footer-sml-layout":"","theme-transparent-header-meta":"default","adv-header-id-meta":"","stick-header-meta":"","header-above-stick-meta":"","header-main-stick-meta":"","header-below-stick-meta":"","astra-migrate-meta-layouts":"set","ast-page-background-enabled":"default","ast-page-background-meta":{"desktop":{"background-color":"var(--ast-global-color-4)","background-image":"","background-repeat":"repeat","background-position":"center center","background-size":"auto","background-attachment":"scroll","background-type":"","background-media":"","overlay-type":"","overlay-color":"","overlay-gradient":""},"tablet":{"background-color":"","background-image":"","background-repeat":"repeat","background-position":"center center","background-size":"auto","background-attachment":"scroll","background-type":"","background-media":"","overlay-type":"","overlay-color":"","overlay-gradient":""},"mobile":{"background-color":"","background-image":"","background-repeat":"repeat","background-position":"center center","background-size":"auto","background-attachment":"scroll","background-type":"","background-media":"","overlay-type":"","overlay-color":"","overlay-gradient":""}},"ast-content-background-meta":{"desktop":{"background-color":"var(--ast-global-color-5)","background-image":"","background-repeat":"repeat","background-position":"center center","background-size":"auto","background-attachment":"scroll","background-type":"","background-media":"","overlay-type":"","overlay-color":"","overlay-gradient":""},"tablet":{"background-color":"var(--ast-global-color-5)","background-image":"","background-repeat":"repeat","background-position":"center center","background-size":"auto","background-attachment":"scroll","background-type":"","background-media":"","overlay-type":"","overlay-color":"","overlay-gradient":""},"mobile":{"background-color":"var(--ast-global-color-5)","background-image":"","background-repeat":"repeat","background-position":"center center","background-size":"auto","background-attachment":"scroll","background-type":"","background-media":"","overlay-type":"","overlay-color":"","overlay-gradient":""}}},"product_brand":[],"product_cat":[18],"product_tag":[],"class_list":{"0":"post-457","1":"product","2":"type-product","3":"status-publish","4":"has-post-thumbnail","6":"product_cat-sin-categorizar","7":"desktop-align-left","8":"tablet-align-left","9":"mobile-align-left","11":"first","12":"instock","13":"virtual","14":"purchasable","15":"product-type-simple"},"_links":{"self":[{"href":"https:\/\/tienda.yesiblue.com.ar\/index.php\/wp-json\/wp\/v2\/product\/457","targetHints":{"allow":["GET"]}}],"collection":[{"href":"https:\/\/tienda.yesiblue.com.ar\/index.php\/wp-json\/wp\/v2\/product"}],"about":[{"href":"https:\/\/tienda.yesiblue.com.ar\/index.php\/wp-json\/wp\/v2\/types\/product"}],"replies":[{"embeddable":true,"href":"https:\/\/tienda.yesiblue.com.ar\/index.php\/wp-json\/wp\/v2\/comments?post=457"}],"wp:featuredmedia":[{"embeddable":true,"href":"https:\/\/tienda.yesiblue.com.ar\/index.php\/wp-json\/wp\/v2\/media\/458"}],"wp:attachment":[{"href":"https:\/\/tienda.yesiblue.com.ar\/index.php\/wp-json\/wp\/v2\/media?parent=457"}],"wp:term":[{"taxonomy":"product_brand","embeddable":true,"href":"https:\/\/tienda.yesiblue.com.ar\/index.php\/wp-json\/wp\/v2\/product_brand?post=457"},{"taxonomy":"product_cat","embeddable":true,"href":"https:\/\/tienda.yesiblue.com.ar\/index.php\/wp-json\/wp\/v2\/product_cat?post=457"},{"taxonomy":"product_tag","embeddable":true,"href":"https:\/\/tienda.yesiblue.com.ar\/index.php\/wp-json\/wp\/v2\/product_tag?post=457"}],"curies":[{"name":"wp","href":"https:\/\/api.w.org\/{rel}","templated":true}]}}